{"id":355,"date":"2022-07-28T23:39:42","date_gmt":"2022-07-29T02:39:42","guid":{"rendered":"https:\/\/grupobhen.ufpr.br\/portal\/?page_id=355"},"modified":"2022-07-28T23:39:42","modified_gmt":"2022-07-29T02:39:42","slug":"defesas-de-doutorado","status":"publish","type":"page","link":"https:\/\/grupobhen.ufpr.br\/portal\/defesas-de-doutorado\/","title":{"rendered":"Defesas de doutorado"},"content":{"rendered":"\n<p><strong>Prof.\u00aa Dr.\u00aa Rubia Daniela Thieme<\/strong><\/p>\n\n\n\n<p>Defesa de tese de doutorado da Professora Rubia Daniela Thieme com o tema &#8220;Terapia nutricional enteral na aten\u00e7\u00e3o domiciliar do sistema \u00fanico de sa\u00fade (SUS): um retrato da participa\u00e7\u00e3o social nas capitais brasileiras&#8221;.<\/p>\n\n\n\n<figure class=\"wp-block-embed-youtube wp-block-embed is-type-video is-provider-youtube wp-embed-aspect-16-9 wp-has-aspect-ratio\"><div class=\"wp-block-embed__wrapper\">\n<iframe title=\"Defesa de tese de doutorado da Professora Rubia Daniela Thieme.\" width=\"500\" height=\"281\" src=\"https:\/\/www.youtube.com\/embed\/rEHubfcr01s?feature=oembed\" frameborder=\"0\" allow=\"accelerometer; autoplay; clipboard-write; encrypted-media; gyroscope; picture-in-picture\" allowfullscreen><\/iframe>\n<\/div><\/figure>\n\n\n\n<p><\/p>\n\n\n\n<p><strong>Prof.\u00aa Dr.\u00aa Luna Rezende M. de Sousa<\/strong><\/p>\n\n\n\n<p>Defesa de tese de doutorado da Doutora Luna Rezende M. de Sousa com o tema &#8220;Pol\u00edticas p\u00fablicas \u00e0 alimenta\u00e7\u00e3o adequada para usu\u00e1rios em nutri\u00e7\u00e3o enteral domiciliar: uma lacuna de sa\u00fade p\u00fablica.&#8221;<\/p>\n\n\n\n<figure class=\"wp-block-embed-youtube wp-block-embed is-type-video is-provider-youtube wp-embed-aspect-16-9 wp-has-aspect-ratio\"><div class=\"wp-block-embed__wrapper\">\n<iframe title=\"Apresenta\u00e7\u00e3o sobre a defesa de tese de doutorado da Doutora Luna Rezende M. de Sousa.\" width=\"500\" height=\"281\" src=\"https:\/\/www.youtube.com\/embed\/-XPPOcEp70M?feature=oembed\" frameborder=\"0\" allow=\"accelerometer; autoplay; clipboard-write; encrypted-media; gyroscope; picture-in-picture\" allowfullscreen><\/iframe>\n<\/div><\/figure>\n","protected":false},"excerpt":{"rendered":"<p>Prof.\u00aa Dr.\u00aa Rubia Daniela Thieme Defesa de tese de doutorado da Professora Rubia Daniela Thieme com o tema &#8220;Terapia nutricional enteral na aten\u00e7\u00e3o domiciliar do [&hellip;]<\/p>\n","protected":false},"author":2,"featured_media":0,"parent":0,"menu_order":0,"comment_status":"closed","ping_status":"closed","template":"","meta":[],"_links":{"self":[{"href":"https:\/\/grupobhen.ufpr.br\/portal\/wp-json\/wp\/v2\/pages\/355"}],"collection":[{"href":"https:\/\/grupobhen.ufpr.br\/portal\/wp-json\/wp\/v2\/pages"}],"about":[{"href":"https:\/\/grupobhen.ufpr.br\/portal\/wp-json\/wp\/v2\/types\/page"}],"author":[{"embeddable":true,"href":"https:\/\/grupobhen.ufpr.br\/portal\/wp-json\/wp\/v2\/users\/2"}],"replies":[{"embeddable":true,"href":"https:\/\/grupobhen.ufpr.br\/portal\/wp-json\/wp\/v2\/comments?post=355"}],"version-history":[{"count":1,"href":"https:\/\/grupobhen.ufpr.br\/portal\/wp-json\/wp\/v2\/pages\/355\/revisions"}],"predecessor-version":[{"id":356,"href":"https:\/\/grupobhen.ufpr.br\/portal\/wp-json\/wp\/v2\/pages\/355\/revisions\/356"}],"wp:attachment":[{"href":"https:\/\/grupobhen.ufpr.br\/portal\/wp-json\/wp\/v2\/media?parent=355"}],"curies":[{"name":"wp","href":"https:\/\/api.w.org\/{rel}","templated":true}]}}